{"id":1017,"date":"2019-12-12T09:47:11","date_gmt":"2019-12-12T09:47:11","guid":{"rendered":"http:\/\/www.scuolasantamariadelparadiso.it\/?page_id=1017"},"modified":"2023-01-03T16:31:49","modified_gmt":"2023-01-03T16:31:49","slug":"primaria","status":"publish","type":"page","link":"https:\/\/www.scuolasantamariadelparadiso.it\/?page_id=1017","title":{"rendered":"PRIMARIA"},"content":{"rendered":"\t\t<div data-elementor-type=\"wp-page\" data-elementor-id=\"1017\" class=\"elementor elementor-1017\" data-elementor-settings=\"{&quot;ha_cmc_init_switcher&quot;:&quot;no&quot;}\">\n\t\t\t\t\t\t<section class=\"elementor-section elementor-top-section elementor-element elementor-element-c1b4606 elementor-section-height-min-height elementor-section-boxed elementor-section-height-default elementor-section-items-middle\" data-id=\"c1b4606\" data-element_type=\"section\" data-settings=\"{&quot;background_background&quot;:&quot;gradient&quot;,&quot;_ha_eqh_enable&quot;:false}\">\n\t\t\t\t\t\t\t<div class=\"elementor-background-overlay\"><\/div>\n\t\t\t\t\t\t\t<div class=\"elementor-container elementor-column-gap-default\">\n\t\t\t\t\t<div class=\"elementor-column elementor-col-100 elementor-top-column elementor-element elementor-element-0b95d43\" data-id=\"0b95d43\" data-element_type=\"column\">\n\t\t\t<div class=\"elementor-widget-wrap elementor-element-populated\">\n\t\t\t\t\t\t<div class=\"elementor-element elementor-element-f23b487 elementor-widget elementor-widget-image\" data-id=\"f23b487\" data-element_type=\"widget\" data-widget_type=\"image.default\">\n\t\t\t\t<div class=\"elementor-widget-container\">\n\t\t\t\t\t\t\t\t\t\t\t\t\t\t\t<img fetchpriority=\"high\" decoding=\"async\" width=\"882\" height=\"462\" src=\"https:\/\/www.scuolasantamariadelparadiso.it\/wp-content\/uploads\/2023\/01\/B00B162A-0A88-4A17-8126-3FD16DB3D17D-e1672762815948.jpg\" class=\"attachment-full size-full wp-image-3854\" alt=\"\" srcset=\"https:\/\/www.scuolasantamariadelparadiso.it\/wp-content\/uploads\/2023\/01\/B00B162A-0A88-4A17-8126-3FD16DB3D17D-e1672762815948.jpg 882w, https:\/\/www.scuolasantamariadelparadiso.it\/wp-content\/uploads\/2023\/01\/B00B162A-0A88-4A17-8126-3FD16DB3D17D-e1672762815948-300x157.jpg 300w, https:\/\/www.scuolasantamariadelparadiso.it\/wp-content\/uploads\/2023\/01\/B00B162A-0A88-4A17-8126-3FD16DB3D17D-e1672762815948-768x402.jpg 768w\" sizes=\"(max-width: 882px) 100vw, 882px\" \/>\t\t\t\t\t\t\t\t\t\t\t\t\t\t\t<\/div>\n\t\t\t\t<\/div>\n\t\t\t\t\t<\/div>\n\t\t<\/div>\n\t\t\t\t\t<\/div>\n\t\t<\/section>\n\t\t\t\t<section class=\"elementor-section elementor-top-section elementor-element elementor-element-73e2a52 elementor-section-boxed elementor-section-height-default elementor-section-height-default\" data-id=\"73e2a52\" data-element_type=\"section\" data-settings=\"{&quot;_ha_eqh_enable&quot;:false}\">\n\t\t\t\t\t\t<div class=\"elementor-container elementor-column-gap-default\">\n\t\t\t\t\t<div class=\"elementor-column elementor-col-100 elementor-top-column elementor-element elementor-element-dfd50be\" data-id=\"dfd50be\" data-element_type=\"column\">\n\t\t\t<div class=\"elementor-widget-wrap elementor-element-populated\">\n\t\t\t\t\t\t<section class=\"elementor-section elementor-inner-section elementor-element elementor-element-95b1e50 elementor-section-boxed elementor-section-height-default elementor-section-height-default\" data-id=\"95b1e50\" data-element_type=\"section\" data-settings=\"{&quot;_ha_eqh_enable&quot;:false}\">\n\t\t\t\t\t\t<div class=\"elementor-container elementor-column-gap-default\">\n\t\t\t\t\t<div class=\"elementor-column elementor-col-100 elementor-inner-column elementor-element elementor-element-5ba7e74\" data-id=\"5ba7e74\" data-element_type=\"column\">\n\t\t\t<div class=\"elementor-widget-wrap elementor-element-populated\">\n\t\t\t\t\t\t<div class=\"elementor-element elementor-element-4025631 elementor-widget-mobile__width-initial elementor-absolute elementor-widget elementor-widget-text-editor\" data-id=\"4025631\" data-element_type=\"widget\" data-settings=\"{&quot;_position&quot;:&quot;absolute&quot;}\" data-widget_type=\"text-editor.default\">\n\t\t\t\t<div class=\"elementor-widget-container\">\n\t\t\t\t\t\t\t\t\t<p>CARATTERI ESSENZIALI DELLA SCUOLA PRIMARIA<\/p>\t\t\t\t\t\t\t\t<\/div>\n\t\t\t\t<\/div>\n\t\t\t\t\t<\/div>\n\t\t<\/div>\n\t\t\t\t\t<\/div>\n\t\t<\/section>\n\t\t\t\t\t<\/div>\n\t\t<\/div>\n\t\t\t\t\t<\/div>\n\t\t<\/section>\n\t\t\t\t<section class=\"elementor-section elementor-top-section elementor-element elementor-element-d75961c elementor-section-boxed elementor-section-height-default elementor-section-height-default\" data-id=\"d75961c\" data-element_type=\"section\" data-settings=\"{&quot;_ha_eqh_enable&quot;:false}\">\n\t\t\t\t\t\t<div class=\"elementor-container elementor-column-gap-default\">\n\t\t\t\t\t<div class=\"elementor-column elementor-col-100 elementor-top-column elementor-element elementor-element-2da6f5e\" data-id=\"2da6f5e\" data-element_type=\"column\">\n\t\t\t<div class=\"elementor-widget-wrap elementor-element-populated\">\n\t\t\t\t\t\t<div class=\"elementor-element elementor-element-3e776f3 elementor-widget elementor-widget-heading\" data-id=\"3e776f3\" data-element_type=\"widget\" data-widget_type=\"heading.default\">\n\t\t\t\t<div class=\"elementor-widget-container\">\n\t\t\t\t\t<h2 class=\"elementor-heading-title elementor-size-default\">Metodologia educativa<\/h2>\t\t\t\t<\/div>\n\t\t\t\t<\/div>\n\t\t\t\t\t<\/div>\n\t\t<\/div>\n\t\t\t\t\t<\/div>\n\t\t<\/section>\n\t\t\t\t<section class=\"elementor-section elementor-top-section elementor-element elementor-element-f852ad6 elementor-section-boxed elementor-section-height-default elementor-section-height-default\" data-id=\"f852ad6\" data-element_type=\"section\" data-settings=\"{&quot;_ha_eqh_enable&quot;:false}\">\n\t\t\t\t\t\t<div class=\"elementor-container elementor-column-gap-default\">\n\t\t\t\t\t<div class=\"elementor-column elementor-col-100 elementor-top-column elementor-element elementor-element-d68a8c1\" data-id=\"d68a8c1\" data-element_type=\"column\">\n\t\t\t<div class=\"elementor-widget-wrap elementor-element-populated\">\n\t\t\t\t\t\t<div class=\"elementor-element elementor-element-ce86cbd elementor-widget elementor-widget-text-editor\" data-id=\"ce86cbd\" data-element_type=\"widget\" data-widget_type=\"text-editor.default\">\n\t\t\t\t<div class=\"elementor-widget-container\">\n\t\t\t\t\t\t\t\t\t<p>Punto di metodo fondamentale \u00e8 il riferimento costante all\u2019esperienza, intendendo per esperienza il \u201cfare consapevole\u201d che si traduce nelle seguenti azioni:<br \/>&#8211; riflettere;<br \/>&#8211; prendere coscienza;<br \/>&#8211; paragonare fatti ed azioni con le proprie o altrui esperienze;<br \/>&#8211; comprendere e confrontarsi con ci\u00f2 che si \u00e8 riconosciuto vero, per giungere ad un giudizio di ci\u00f2 che si vive.<\/p><p><br \/>In tal modo si educa la libert\u00e0 del bambino, la sua passione per la verit\u00e0 (educazione alla conoscenza), la sua capacit\u00e0 di rapporto (educazione alla socialit\u00e0) e la sua responsabilit\u00e0, cio\u00e8 la capacit\u00e0 di rispondere alla proposta educativa.<br \/>Condizione perch\u00e9 questo avvenga \u00e8 il riferimento chiaro ed affettuoso agli insegnanti che accompagnano e guidano il confronto leale con la tradizione e con le proposte, i suggerimenti, i passi che vengono indicati.<\/p>\t\t\t\t\t\t\t\t<\/div>\n\t\t\t\t<\/div>\n\t\t\t\t\t<\/div>\n\t\t<\/div>\n\t\t\t\t\t<\/div>\n\t\t<\/section>\n\t\t\t\t<section class=\"elementor-section elementor-top-section elementor-element elementor-element-5f3f60a elementor-section-boxed elementor-section-height-default elementor-section-height-default\" data-id=\"5f3f60a\" data-element_type=\"section\" data-settings=\"{&quot;_ha_eqh_enable&quot;:false}\">\n\t\t\t\t\t\t<div class=\"elementor-container elementor-column-gap-default\">\n\t\t\t\t\t<div class=\"elementor-column elementor-col-100 elementor-top-column elementor-element elementor-element-99ed77f\" data-id=\"99ed77f\" data-element_type=\"column\">\n\t\t\t<div class=\"elementor-widget-wrap elementor-element-populated\">\n\t\t\t\t\t\t<div class=\"elementor-element elementor-element-e9f67e2 elementor-widget elementor-widget-heading\" data-id=\"e9f67e2\" data-element_type=\"widget\" data-widget_type=\"heading.default\">\n\t\t\t\t<div class=\"elementor-widget-container\">\n\t\t\t\t\t<h2 class=\"elementor-heading-title elementor-size-default\">Metodologia didattica<\/h2>\t\t\t\t<\/div>\n\t\t\t\t<\/div>\n\t\t\t\t\t<\/div>\n\t\t<\/div>\n\t\t\t\t\t<\/div>\n\t\t<\/section>\n\t\t\t\t<section class=\"elementor-section elementor-top-section elementor-element elementor-element-5fd7f85 elementor-section-boxed elementor-section-height-default elementor-section-height-default\" data-id=\"5fd7f85\" data-element_type=\"section\" data-settings=\"{&quot;_ha_eqh_enable&quot;:false}\">\n\t\t\t\t\t\t<div class=\"elementor-container elementor-column-gap-default\">\n\t\t\t\t\t<div class=\"elementor-column elementor-col-100 elementor-top-column elementor-element elementor-element-678c17a\" data-id=\"678c17a\" data-element_type=\"column\">\n\t\t\t<div class=\"elementor-widget-wrap elementor-element-populated\">\n\t\t\t\t\t\t<div class=\"elementor-element elementor-element-a001f33 elementor-widget elementor-widget-text-editor\" data-id=\"a001f33\" data-element_type=\"widget\" data-widget_type=\"text-editor.default\">\n\t\t\t\t<div class=\"elementor-widget-container\">\n\t\t\t\t\t\t\t\t\t<p>La scuola \u00e8 l\u2019ambito in cui si propone un\u2019esperienza di bellezza, di bont\u00e0 e di verit\u00e0 attraverso:<br \/>\u2022 l\u2019elementarit\u00e0, cio\u00e8 il comunicare e il proporre ci\u00f2 che \u00e8 essenziale;<br \/>\u2022 la ricorsivit\u00e0, che consiste nel riprendere in modo sempre pi\u00f9 approfondito e consapevole ci\u00f2 che si va conoscendo;<br \/>\u2022 il rispetto per ci\u00f2 che il bambino \u00e8, conosce, sa fare e la stima per le sue possibilit\u00e0;<br \/>\u2022 la corporeit\u00e0 come la prevalenza di ci\u00f2 che \u00e8 sensibile, percettivo, concreto, come condizione dello sviluppo, dell&#8217;intelligenza, della capacit\u00e0 di concettualizzare e dell&#8217;affettivit\u00e0. La prevalenza dell&#8217;esperienza diretta, infatti, per un bambino \u00e8 la modalit\u00e0 caratteristica di incontrare la realt\u00e0, di conoscer la e di operare in essa;<br \/>\u2022 il chiamare il bambino a prendere iniziative nei confronti della proposta didattica, degli insegnanti e dei compagni, ponendo domande e cercando soluzioni personali, poich\u00e9 \u00e8 nell&#8217;azione che il bambino cresce e diventa consapevole delle sue possibilit\u00e0.<\/p><p><span style=\"font-style: inherit; font-weight: inherit; background-color: var(--ast-global-color-5); letter-spacing: 0px;\"><br \/><\/span><\/p><p><span style=\"font-style: inherit; font-weight: inherit; background-color: var(--ast-global-color-5); letter-spacing: 0px;\">Le attivit\u00e0 proposte permettono a ciascuno di dare il meglio di s\u00e9, affrontando le proprie difficolt\u00e0 e\nvalorizzando le proprie particolari capacit\u00e0. La scuola, cosciente della sua funzione e consapevole\ndelle sue reali possibilit\u00e0, \u00e8 aperta al bisogno del bambino, anche di quello con difficolt\u00e0.&nbsp;<\/span><br \/><\/p>\t\t\t\t\t\t\t\t<\/div>\n\t\t\t\t<\/div>\n\t\t\t\t\t<\/div>\n\t\t<\/div>\n\t\t\t\t\t<\/div>\n\t\t<\/section>\n\t\t\t\t<\/div>\n\t\t","protected":false},"excerpt":{"rendered":"<p>CARATTERI ESSENZIALI DELLA SCUOLA PRIMARIA Metodologia educativa Punto di metodo fondamentale \u00e8 il riferimento costante all\u2019esperienza, intendendo per esperienza il \u201cfare consapevole\u201d che si traduce nelle seguenti azioni:&#8211; riflettere;&#8211; prendere&hellip;<\/p>\n","protected":false},"author":1,"featured_media":0,"parent":0,"menu_order":0,"comment_status":"closed","ping_status":"closed","template":"","meta":{"_eb_attr":"","footnotes":""},"class_list":["post-1017","page","type-page","status-publish","hentry"],"_links":{"self":[{"href":"https:\/\/www.scuolasantamariadelparadiso.it\/index.php?rest_route=\/wp\/v2\/pages\/1017","targetHints":{"allow":["GET"]}}],"collection":[{"href":"https:\/\/www.scuolasantamariadelparadiso.it\/index.php?rest_route=\/wp\/v2\/pages"}],"about":[{"href":"https:\/\/www.scuolasantamariadelparadiso.it\/index.php?rest_route=\/wp\/v2\/types\/page"}],"author":[{"embeddable":true,"href":"https:\/\/www.scuolasantamariadelparadiso.it\/index.php?rest_route=\/wp\/v2\/users\/1"}],"replies":[{"embeddable":true,"href":"https:\/\/www.scuolasantamariadelparadiso.it\/index.php?rest_route=%2Fwp%2Fv2%2Fcomments&post=1017"}],"version-history":[{"count":8,"href":"https:\/\/www.scuolasantamariadelparadiso.it\/index.php?rest_route=\/wp\/v2\/pages\/1017\/revisions"}],"predecessor-version":[{"id":3858,"href":"https:\/\/www.scuolasantamariadelparadiso.it\/index.php?rest_route=\/wp\/v2\/pages\/1017\/revisions\/3858"}],"wp:attachment":[{"href":"https:\/\/www.scuolasantamariadelparadiso.it\/index.php?rest_route=%2Fwp%2Fv2%2Fmedia&parent=1017"}],"curies":[{"name":"wp","href":"https:\/\/api.w.org\/{rel}","templated":true}]}}